{"id":6169,"date":"2018-02-20T14:49:09","date_gmt":"2018-02-20T13:49:09","guid":{"rendered":"http:\/\/troc2roues.fr\/?page_id=6169"},"modified":"2018-03-08T10:44:10","modified_gmt":"2018-03-08T09:44:10","slug":"equipements-pilotes-2","status":"publish","type":"page","link":"https:\/\/troc2roues.fr\/?page_id=6169","title":{"rendered":"Trotinettes Freestyle"},"content":{"rendered":"<p>[vc_row thb_divider_position=\u00a0\u00bbbottom\u00a0\u00bb][vc_column][vc_empty_space][\/vc_column][\/vc_row][vc_row thb_divider_position=\u00a0\u00bbbottom\u00a0\u00bb][vc_column][vc_column_text]<\/p>\n<h2 style=\"text-align: center;\"><span style=\"color: #ff0000;\">TROTINETTES FREESTYLE<\/span><\/h2>\n<p>[\/vc_column_text][\/vc_column][\/vc_row][vc_row thb_divider_position=\u00a0\u00bbbottom\u00a0\u00bb][vc_column][vc_column_text]<\/p>\n<p style=\"text-align: center;\"><b>Rayon trotinettes Freestyle :<\/b><\/p>\n<p style=\"text-align: center;\">\u00a0Compl\u00e8te<\/p>\n<p style=\"text-align: center;\">Pi\u00e8ces d\u00e9tach\u00e9es (roues, poign\u00e9es, fourche, grip etc&#8230;)<\/p>\n<p style=\"text-align: center;\">BLUNT &#8211; FASEN &#8211; DISTRICT &#8211; BLAZER PRO &#8211; MADD<\/p>\n<p>[\/vc_column_text][\/vc_column][\/vc_row][vc_row thb_divider_position=\u00a0\u00bbbottom\u00a0\u00bb][vc_column width=\u00a0\u00bb1\/3&Prime;]<img width=\"3072\" height=\"2304\" src=\"https:\/\/troc2roues.fr\/wp-content\/uploads\/2018\/03\/DSC00193-2.jpg\" class=\"thb_image animation scale center   attachment-full\" alt=\"\" decoding=\"async\" loading=\"lazy\" srcset=\"https:\/\/troc2roues.fr\/wp-content\/uploads\/2018\/03\/DSC00193-2.jpg 3072w, https:\/\/troc2roues.fr\/wp-content\/uploads\/2018\/03\/DSC00193-2-768x576.jpg 768w, https:\/\/troc2roues.fr\/wp-content\/uploads\/2018\/03\/DSC00193-2-1024x768.jpg 1024w, https:\/\/troc2roues.fr\/wp-content\/uploads\/2018\/03\/DSC00193-2-800x600.jpg 800w, https:\/\/troc2roues.fr\/wp-content\/uploads\/2018\/03\/DSC00193-2-400x300.jpg 400w, https:\/\/troc2roues.fr\/wp-content\/uploads\/2018\/03\/DSC00193-2-600x450.jpg 600w\" sizes=\"(max-width: 3072px) 100vw, 3072px\" \/>[\/vc_column][vc_column width=\u00a0\u00bb1\/3&Prime;]<img width=\"3072\" height=\"2304\" src=\"https:\/\/troc2roues.fr\/wp-content\/uploads\/2018\/03\/DSC00190-1.jpg\" class=\"thb_image animation scale center   attachment-full\" alt=\"\" decoding=\"async\" loading=\"lazy\" srcset=\"https:\/\/troc2roues.fr\/wp-content\/uploads\/2018\/03\/DSC00190-1.jpg 3072w, https:\/\/troc2roues.fr\/wp-content\/uploads\/2018\/03\/DSC00190-1-768x576.jpg 768w, https:\/\/troc2roues.fr\/wp-content\/uploads\/2018\/03\/DSC00190-1-1024x768.jpg 1024w, https:\/\/troc2roues.fr\/wp-content\/uploads\/2018\/03\/DSC00190-1-800x600.jpg 800w, https:\/\/troc2roues.fr\/wp-content\/uploads\/2018\/03\/DSC00190-1-400x300.jpg 400w, https:\/\/troc2roues.fr\/wp-content\/uploads\/2018\/03\/DSC00190-1-600x450.jpg 600w\" sizes=\"(max-width: 3072px) 100vw, 3072px\" \/>[\/vc_column][vc_column width=\u00a0\u00bb1\/3&Prime;]<img width=\"3072\" height=\"2304\" src=\"https:\/\/troc2roues.fr\/wp-content\/uploads\/2018\/03\/DSC00192.jpg\" class=\"thb_image animation scale center   attachment-full\" alt=\"\" decoding=\"async\" loading=\"lazy\" srcset=\"https:\/\/troc2roues.fr\/wp-content\/uploads\/2018\/03\/DSC00192.jpg 3072w, https:\/\/troc2roues.fr\/wp-content\/uploads\/2018\/03\/DSC00192-768x576.jpg 768w, https:\/\/troc2roues.fr\/wp-content\/uploads\/2018\/03\/DSC00192-1024x768.jpg 1024w, https:\/\/troc2roues.fr\/wp-content\/uploads\/2018\/03\/DSC00192-800x600.jpg 800w, https:\/\/troc2roues.fr\/wp-content\/uploads\/2018\/03\/DSC00192-400x300.jpg 400w, https:\/\/troc2roues.fr\/wp-content\/uploads\/2018\/03\/DSC00192-600x450.jpg 600w\" sizes=\"(max-width: 3072px) 100vw, 3072px\" \/>[\/vc_column][\/vc_row]<\/p>\n","protected":false},"excerpt":{"rendered":"<p>[vc_row thb_divider_position=\u00a0\u00bbbottom\u00a0\u00bb][vc_column][vc_empty_space][\/vc_column][\/vc_row][vc_row thb_divider_position=\u00a0\u00bbbottom\u00a0\u00bb][vc_column][vc_column_text] TROTINETTES FREESTYLE [\/vc_column_text][\/vc_column][\/vc_row][vc_row thb_divider_position=\u00a0\u00bbbottom\u00a0\u00bb][vc_column][vc_column_text] Rayon trotinettes Freestyle : \u00a0Compl\u00e8te Pi\u00e8ces d\u00e9tach\u00e9es (roues, poign\u00e9es, fourche, grip etc&#8230;) BLUNT &#8211; FASEN &#8211; DISTRICT &#8211; BLAZER PRO &#8211; MADD [\/vc_column_text][\/vc_column][\/vc_row][vc_row thb_divider_position=\u00a0\u00bbbottom\u00a0\u00bb][vc_column width=\u00a0\u00bb1\/3&Prime;][\/vc_column][vc_column width=\u00a0\u00bb1\/3&Prime;][\/vc_column][vc_column width=\u00a0\u00bb1\/3&Prime;][\/vc_column][\/vc_row]<\/p>\n","protected":false},"author":1,"featured_media":0,"parent":0,"menu_order":0,"comment_status":"closed","ping_status":"closed","template":"","meta":[],"_links":{"self":[{"href":"https:\/\/troc2roues.fr\/index.php?rest_route=\/wp\/v2\/pages\/6169"}],"collection":[{"href":"https:\/\/troc2roues.fr\/index.php?rest_route=\/wp\/v2\/pages"}],"about":[{"href":"https:\/\/troc2roues.fr\/index.php?rest_route=\/wp\/v2\/types\/page"}],"author":[{"embeddable":true,"href":"https:\/\/troc2roues.fr\/index.php?rest_route=\/wp\/v2\/users\/1"}],"replies":[{"embeddable":true,"href":"https:\/\/troc2roues.fr\/index.php?rest_route=%2Fwp%2Fv2%2Fcomments&post=6169"}],"version-history":[{"count":4,"href":"https:\/\/troc2roues.fr\/index.php?rest_route=\/wp\/v2\/pages\/6169\/revisions"}],"predecessor-version":[{"id":6177,"href":"https:\/\/troc2roues.fr\/index.php?rest_route=\/wp\/v2\/pages\/6169\/revisions\/6177"}],"wp:attachment":[{"href":"https:\/\/troc2roues.fr\/index.php?rest_route=%2Fwp%2Fv2%2Fmedia&parent=6169"}],"curies":[{"name":"wp","href":"https:\/\/api.w.org\/{rel}","templated":true}]}}