{"id":663,"date":"2016-09-21T13:06:13","date_gmt":"2016-09-21T13:06:13","guid":{"rendered":"http:\/\/werkstatt.fuelthemes.net\/werkstatt-lateral-dark\/?page_id=218"},"modified":"2018-03-08T07:59:44","modified_gmt":"2018-03-08T06:59:44","slug":"contact-us","status":"publish","type":"page","link":"https:\/\/troc2roues.fr\/?page_id=663","title":{"rendered":"Localisation \/ Contact"},"content":{"rendered":"<p>[vc_row thb_divider_position=\u00a0\u00bbbottom\u00a0\u00bb el_class=\u00a0\u00bbalign-center\u00a0\u00bb css=\u00a0\u00bb.vc_custom_1474474645883{padding-top: 10vh !important;padding-bottom: 10vh !important;}\u00a0\u00bb][vc_column offset=\u00a0\u00bbvc_col-lg-10 vc_col-md-12&Prime;][vc_row_inner][vc_column_inner width=\u00a0\u00bb1\/2&Prime;][vc_column_text css=\u00a0\u00bb.vc_custom_1520492860352{border-bottom-width: 2px !important;padding-bottom: 30px !important;border-bottom-color: #f4f4f4 !important;border-bottom-style: solid !important;}\u00a0\u00bb]<\/p>\n<p>&nbsp;<\/p>\n<p><b>Le Magasin<\/b><\/p>\n<p>TROC 2 ROUES<\/p>\n<p>46 bis Avenue d&rsquo;Aubi\u00e8re,<\/p>\n<p>63800 Cournon-d&rsquo;Auvergne.<\/p>\n<p>T\u00e9l : 04 73 69 82 27<\/p>\n<p>T\u00e9l : 04 73 84 80 80<\/p>\n<p>&nbsp;<\/p>\n<p>Boutique Le Bon Coin :<\/p>\n<p><span style=\"color: #ff0000;\"><a style=\"color: #ff0000;\" href=\"https:\/\/www.leboncoin.fr\/boutique\/70826\">https:\/\/www.leboncoin.fr\/boutique\/70826<\/a><\/span>[\/vc_column_text][\/vc_column_inner][vc_column_inner width=\u00a0\u00bb1\/2&Prime;][vc_column_text]<\/p>\n<p><iframe loading=\"lazy\" style=\"border: 0;\" src=\"https:\/\/www.google.com\/maps\/embed?pb=!1m18!1m12!1m3!1d2784.642878982765!2d3.170660515854846!3d45.73825627910523!2m3!1f0!2f0!3f0!3m2!1i1024!2i768!4f13.1!3m3!1m2!1s0x47f71d70782f03e7%3A0x29d51b8e3ec210c4!2stroc+2+roues!5e0!3m2!1sfr!2sfr!4v1520370158133\" width=\"800\" height=\"600\" frameborder=\"0\" allowfullscreen=\"allowfullscreen\"><\/iframe>[\/vc_column_text][vc_column_text][\/vc_column_text][\/vc_column_inner][\/vc_row_inner][\/vc_column][\/vc_row][vc_row thb_divider_position=\u00a0\u00bbbottom\u00a0\u00bb][vc_column][\/vc_column][\/vc_row]<\/p>\n","protected":false},"excerpt":{"rendered":"<p>[vc_row thb_divider_position=\u00a0\u00bbbottom\u00a0\u00bb el_class=\u00a0\u00bbalign-center\u00a0\u00bb css=\u00a0\u00bb.vc_custom_1474474645883{padding-top: 10vh !important;padding-bottom: 10vh !important;}\u00a0\u00bb][vc_column offset=\u00a0\u00bbvc_col-lg-10 vc_col-md-12&Prime;][vc_row_inner][vc_column_inner width=\u00a0\u00bb1\/2&Prime;][vc_column_text css=\u00a0\u00bb.vc_custom_1520492860352{border-bottom-width: 2px !important;padding-bottom: 30px !important;border-bottom-color: #f4f4f4 !important;border-bottom-style: solid !important;}\u00a0\u00bb] &nbsp; Le Magasin TROC 2 ROUES 46 bis Avenue d&rsquo;Aubi\u00e8re, 63800 Cournon-d&rsquo;Auvergne. T\u00e9l : 04 73 69 82 27 T\u00e9l : 04 73 84 80 80 &nbsp; Boutique Le Bon Coin : https:\/\/www.leboncoin.fr\/boutique\/70826[\/vc_column_text][\/vc_column_inner][vc_column_inner width=\u00a0\u00bb1\/2&Prime;][vc_column_text] [\/vc_column_text][vc_column_text][\/vc_column_text][\/vc_column_inner][\/vc_row_inner][\/vc_column][\/vc_row][vc_row&hellip;<\/p>\n","protected":false},"author":1,"featured_media":0,"parent":0,"menu_order":0,"comment_status":"closed","ping_status":"closed","template":"","meta":[],"_links":{"self":[{"href":"https:\/\/troc2roues.fr\/index.php?rest_route=\/wp\/v2\/pages\/663"}],"collection":[{"href":"https:\/\/troc2roues.fr\/index.php?rest_route=\/wp\/v2\/pages"}],"about":[{"href":"https:\/\/troc2roues.fr\/index.php?rest_route=\/wp\/v2\/types\/page"}],"author":[{"embeddable":true,"href":"https:\/\/troc2roues.fr\/index.php?rest_route=\/wp\/v2\/users\/1"}],"replies":[{"embeddable":true,"href":"https:\/\/troc2roues.fr\/index.php?rest_route=%2Fwp%2Fv2%2Fcomments&post=663"}],"version-history":[{"count":31,"href":"https:\/\/troc2roues.fr\/index.php?rest_route=\/wp\/v2\/pages\/663\/revisions"}],"predecessor-version":[{"id":6167,"href":"https:\/\/troc2roues.fr\/index.php?rest_route=\/wp\/v2\/pages\/663\/revisions\/6167"}],"wp:attachment":[{"href":"https:\/\/troc2roues.fr\/index.php?rest_route=%2Fwp%2Fv2%2Fmedia&parent=663"}],"curies":[{"name":"wp","href":"https:\/\/api.w.org\/{rel}","templated":true}]}}