{"id":737,"date":"2018-02-20T14:48:51","date_gmt":"2018-02-20T13:48:51","guid":{"rendered":"http:\/\/troc2roues.fr\/?page_id=737"},"modified":"2018-03-04T18:43:26","modified_gmt":"2018-03-04T17:43:26","slug":"sav-atelier","status":"publish","type":"page","link":"https:\/\/troc2roues.fr\/?page_id=737","title":{"rendered":"SAV Atelier"},"content":{"rendered":"<p>[vc_row thb_divider_position=\u00a0\u00bbbottom\u00a0\u00bb][vc_column][vc_empty_space][\/vc_column][\/vc_row][vc_row thb_divider_position=\u00a0\u00bbbottom\u00a0\u00bb][vc_column][vc_column_text]<\/p>\n<h2 style=\"text-align: center;\"><span style=\"color: #ff0000;\">SAV ATELIER<\/span><\/h2>\n<p>[\/vc_column_text][\/vc_column][\/vc_row][vc_row thb_divider_position=\u00a0\u00bbbottom\u00a0\u00bb][vc_column][vc_empty_space][\/vc_column][\/vc_row][vc_row thb_divider_position=\u00a0\u00bbbottom\u00a0\u00bb][vc_column][vc_column_text]Nos Prestations garage :<\/p>\n<ul>\n<li>Entretien \/ R\u00e9vision<\/li>\n<li>R\u00e9paration<\/li>\n<li>Service Rapide<\/li>\n<li>Gravage V\u00e9hicule Homologu\u00e9 assurance<\/li>\n<li>Remorquage<\/li>\n<\/ul>\n<p>[\/vc_column_text][\/vc_column][\/vc_row][vc_row thb_divider_position=\u00a0\u00bbbottom\u00a0\u00bb][vc_column width=\u00a0\u00bb1\/4&Prime;][\/vc_column][vc_column width=\u00a0\u00bb1\/2&Prime;]<img width=\"3072\" height=\"2304\" src=\"https:\/\/troc2roues.fr\/wp-content\/uploads\/2018\/03\/DSC00125.jpg\" class=\"thb_image  center   attachment-full\" alt=\"\" decoding=\"async\" loading=\"lazy\" srcset=\"https:\/\/troc2roues.fr\/wp-content\/uploads\/2018\/03\/DSC00125.jpg 3072w, https:\/\/troc2roues.fr\/wp-content\/uploads\/2018\/03\/DSC00125-768x576.jpg 768w, https:\/\/troc2roues.fr\/wp-content\/uploads\/2018\/03\/DSC00125-1024x768.jpg 1024w, https:\/\/troc2roues.fr\/wp-content\/uploads\/2018\/03\/DSC00125-800x600.jpg 800w, https:\/\/troc2roues.fr\/wp-content\/uploads\/2018\/03\/DSC00125-400x300.jpg 400w, https:\/\/troc2roues.fr\/wp-content\/uploads\/2018\/03\/DSC00125-600x450.jpg 600w\" sizes=\"(max-width: 3072px) 100vw, 3072px\" \/>[\/vc_column][vc_column width=\u00a0\u00bb1\/4&Prime;][\/vc_column][\/vc_row]<\/p>\n","protected":false},"excerpt":{"rendered":"<p>[vc_row thb_divider_position=\u00a0\u00bbbottom\u00a0\u00bb][vc_column][vc_empty_space][\/vc_column][\/vc_row][vc_row thb_divider_position=\u00a0\u00bbbottom\u00a0\u00bb][vc_column][vc_column_text] SAV ATELIER [\/vc_column_text][\/vc_column][\/vc_row][vc_row thb_divider_position=\u00a0\u00bbbottom\u00a0\u00bb][vc_column][vc_empty_space][\/vc_column][\/vc_row][vc_row thb_divider_position=\u00a0\u00bbbottom\u00a0\u00bb][vc_column][vc_column_text]Nos Prestations garage : Entretien \/ R\u00e9vision R\u00e9paration Service Rapide Gravage V\u00e9hicule Homologu\u00e9 assurance Remorquage [\/vc_column_text][\/vc_column][\/vc_row][vc_row thb_divider_position=\u00a0\u00bbbottom\u00a0\u00bb][vc_column width=\u00a0\u00bb1\/4&Prime;][\/vc_column][vc_column width=\u00a0\u00bb1\/2&Prime;][\/vc_column][vc_column width=\u00a0\u00bb1\/4&Prime;][\/vc_column][\/vc_row]<\/p>\n","protected":false},"author":1,"featured_media":0,"parent":0,"menu_order":0,"comment_status":"closed","ping_status":"closed","template":"","meta":[],"_links":{"self":[{"href":"https:\/\/troc2roues.fr\/index.php?rest_route=\/wp\/v2\/pages\/737"}],"collection":[{"href":"https:\/\/troc2roues.fr\/index.php?rest_route=\/wp\/v2\/pages"}],"about":[{"href":"https:\/\/troc2roues.fr\/index.php?rest_route=\/wp\/v2\/types\/page"}],"author":[{"embeddable":true,"href":"https:\/\/troc2roues.fr\/index.php?rest_route=\/wp\/v2\/users\/1"}],"replies":[{"embeddable":true,"href":"https:\/\/troc2roues.fr\/index.php?rest_route=%2Fwp%2Fv2%2Fcomments&post=737"}],"version-history":[{"count":4,"href":"https:\/\/troc2roues.fr\/index.php?rest_route=\/wp\/v2\/pages\/737\/revisions"}],"predecessor-version":[{"id":6053,"href":"https:\/\/troc2roues.fr\/index.php?rest_route=\/wp\/v2\/pages\/737\/revisions\/6053"}],"wp:attachment":[{"href":"https:\/\/troc2roues.fr\/index.php?rest_route=%2Fwp%2Fv2%2Fmedia&parent=737"}],"curies":[{"name":"wp","href":"https:\/\/api.w.org\/{rel}","templated":true}]}}