{"id":767,"date":"2018-02-20T15:07:01","date_gmt":"2018-02-20T14:07:01","guid":{"rendered":"http:\/\/troc2roues.fr\/?page_id=767"},"modified":"2018-03-04T18:45:20","modified_gmt":"2018-03-04T17:45:20","slug":"pieces-remorques","status":"publish","type":"page","link":"https:\/\/troc2roues.fr\/?page_id=767","title":{"rendered":"Pi\u00e8ces Remorques"},"content":{"rendered":"<p>[vc_row thb_divider_position=\u00a0\u00bbbottom\u00a0\u00bb][vc_column][vc_empty_space][\/vc_column][\/vc_row][vc_row thb_divider_position=\u00a0\u00bbbottom\u00a0\u00bb][vc_column][vc_column_text]<\/p>\n<h2 style=\"text-align: center;\"><span style=\"color: #ff0000;\">PIECES REMORQUES<\/span><\/h2>\n<p>[\/vc_column_text][\/vc_column][\/vc_row][vc_row thb_divider_position=\u00a0\u00bbbottom\u00a0\u00bb][vc_column][vc_empty_space][\/vc_column][\/vc_row][vc_row thb_divider_position=\u00a0\u00bbbottom\u00a0\u00bb][vc_column][vc_column_text]<\/p>\n<p style=\"text-align: center;\"><strong>Retrouvez dans notre espace d\u00e9di\u00e9 aux remorques, tous les accessoires dont vous avez besoin :<\/strong><\/p>\n<p style=\"text-align: center;\"><strong>Rampes, feux, antivols, b\u00e9quilles, adaptateurs, b\u00e2ches, roues de secours, etc&#8230;<\/strong><\/p>\n<p>[\/vc_column_text][\/vc_column][\/vc_row][vc_row thb_divider_position=\u00a0\u00bbbottom\u00a0\u00bb][vc_column][vc_empty_space height=\u00a0\u00bb50px\u00a0\u00bb][\/vc_column][\/vc_row][vc_row thb_divider_position=\u00a0\u00bbbottom\u00a0\u00bb][vc_column][vc_images_carousel images=\u00a0\u00bb6010,6009,6008&Prime; img_size=\u00a0\u00bbfull\u00a0\u00bb onclick=\u00a0\u00bblink_no\u00a0\u00bb speed=\u00a0\u00bb2000&Prime; slides_per_view=\u00a0\u00bb3&Prime; hide_pagination_control=\u00a0\u00bbyes\u00a0\u00bb hide_prev_next_buttons=\u00a0\u00bbyes\u00a0\u00bb][\/vc_column][\/vc_row]<\/p>\n","protected":false},"excerpt":{"rendered":"<p>[vc_row thb_divider_position=\u00a0\u00bbbottom\u00a0\u00bb][vc_column][vc_empty_space][\/vc_column][\/vc_row][vc_row thb_divider_position=\u00a0\u00bbbottom\u00a0\u00bb][vc_column][vc_column_text] PIECES REMORQUES [\/vc_column_text][\/vc_column][\/vc_row][vc_row thb_divider_position=\u00a0\u00bbbottom\u00a0\u00bb][vc_column][vc_empty_space][\/vc_column][\/vc_row][vc_row thb_divider_position=\u00a0\u00bbbottom\u00a0\u00bb][vc_column][vc_column_text] Retrouvez dans notre espace d\u00e9di\u00e9 aux remorques, tous les accessoires dont vous avez besoin : Rampes, feux, antivols, b\u00e9quilles, adaptateurs, b\u00e2ches, roues de secours, etc&#8230; [\/vc_column_text][\/vc_column][\/vc_row][vc_row thb_divider_position=\u00a0\u00bbbottom\u00a0\u00bb][vc_column][vc_empty_space height=\u00a0\u00bb50px\u00a0\u00bb][\/vc_column][\/vc_row][vc_row thb_divider_position=\u00a0\u00bbbottom\u00a0\u00bb][vc_column][vc_images_carousel images=\u00a0\u00bb6010,6009,6008&Prime; img_size=\u00a0\u00bbfull\u00a0\u00bb onclick=\u00a0\u00bblink_no\u00a0\u00bb speed=\u00a0\u00bb2000&Prime; slides_per_view=\u00a0\u00bb3&Prime; hide_pagination_control=\u00a0\u00bbyes\u00a0\u00bb hide_prev_next_buttons=\u00a0\u00bbyes\u00a0\u00bb][\/vc_column][\/vc_row]<\/p>\n","protected":false},"author":1,"featured_media":0,"parent":0,"menu_order":0,"comment_status":"closed","ping_status":"closed","template":"","meta":[],"_links":{"self":[{"href":"https:\/\/troc2roues.fr\/index.php?rest_route=\/wp\/v2\/pages\/767"}],"collection":[{"href":"https:\/\/troc2roues.fr\/index.php?rest_route=\/wp\/v2\/pages"}],"about":[{"href":"https:\/\/troc2roues.fr\/index.php?rest_route=\/wp\/v2\/types\/page"}],"author":[{"embeddable":true,"href":"https:\/\/troc2roues.fr\/index.php?rest_route=\/wp\/v2\/users\/1"}],"replies":[{"embeddable":true,"href":"https:\/\/troc2roues.fr\/index.php?rest_route=%2Fwp%2Fv2%2Fcomments&post=767"}],"version-history":[{"count":5,"href":"https:\/\/troc2roues.fr\/index.php?rest_route=\/wp\/v2\/pages\/767\/revisions"}],"predecessor-version":[{"id":6058,"href":"https:\/\/troc2roues.fr\/index.php?rest_route=\/wp\/v2\/pages\/767\/revisions\/6058"}],"wp:attachment":[{"href":"https:\/\/troc2roues.fr\/index.php?rest_route=%2Fwp%2Fv2%2Fmedia&parent=767"}],"curies":[{"name":"wp","href":"https:\/\/api.w.org\/{rel}","templated":true}]}}