{"id":769,"date":"2018-02-20T15:07:45","date_gmt":"2018-02-20T14:07:45","guid":{"rendered":"http:\/\/troc2roues.fr\/?page_id=769"},"modified":"2018-03-04T19:20:37","modified_gmt":"2018-03-04T18:20:37","slug":"pieces-motos-scooters-quads","status":"publish","type":"page","link":"https:\/\/troc2roues.fr\/?page_id=769","title":{"rendered":"Pi\u00e8ces Motos\/Scooters\/Quads"},"content":{"rendered":"<p>[vc_row thb_divider_position=\u00a0\u00bbbottom\u00a0\u00bb][vc_column][vc_empty_space][\/vc_column][\/vc_row][vc_row thb_divider_position=\u00a0\u00bbbottom\u00a0\u00bb][vc_column][vc_column_text]<\/p>\n<h2 style=\"text-align: center;\"><span style=\"color: #ff0000;\">PIECES SCOOTERS \/ MOTOS \/ QUADS<\/span><\/h2>\n<p>[\/vc_column_text][\/vc_column][\/vc_row][vc_row thb_divider_position=\u00a0\u00bbbottom\u00a0\u00bb][vc_column][vc_empty_space][\/vc_column][\/vc_row][vc_row thb_divider_position=\u00a0\u00bbbottom\u00a0\u00bb][vc_column][vc_column_text]<\/p>\n<p style=\"text-align: center;\">Nous disposons de grands rayons accessoires et pi\u00e8ces d\u00e9tach\u00e9es pour chaque univers :<\/p>\n<p style=\"text-align: center;\">50cc Scooters et Motos\u00a0 \u00a0\/\u00a0 \u00a0Dirt Bike\u00a0 \u00a0\/\u00a0 \u00a0Quads<\/p>\n<p>[\/vc_column_text][\/vc_column][\/vc_row][vc_row thb_divider_position=\u00a0\u00bbbottom\u00a0\u00bb][vc_column][vc_images_carousel images=\u00a0\u00bb6073,6070,6066,6063&Prime; img_size=\u00a0\u00bbfull\u00a0\u00bb speed=\u00a0\u00bb0&Prime; slides_per_view=\u00a0\u00bb4&Prime; hide_pagination_control=\u00a0\u00bbyes\u00a0\u00bb hide_prev_next_buttons=\u00a0\u00bbyes\u00a0\u00bb][\/vc_column][\/vc_row][vc_row thb_divider_position=\u00a0\u00bbbottom\u00a0\u00bb][vc_column][vc_images_carousel images=\u00a0\u00bb6071,6065,6067,6062&Prime; img_size=\u00a0\u00bbfull\u00a0\u00bb speed=\u00a0\u00bb0&Prime; slides_per_view=\u00a0\u00bb4&Prime; hide_pagination_control=\u00a0\u00bbyes\u00a0\u00bb hide_prev_next_buttons=\u00a0\u00bbyes\u00a0\u00bb][\/vc_column][\/vc_row]<\/p>\n","protected":false},"excerpt":{"rendered":"<p>[vc_row thb_divider_position=\u00a0\u00bbbottom\u00a0\u00bb][vc_column][vc_empty_space][\/vc_column][\/vc_row][vc_row thb_divider_position=\u00a0\u00bbbottom\u00a0\u00bb][vc_column][vc_column_text] PIECES SCOOTERS \/ MOTOS \/ QUADS [\/vc_column_text][\/vc_column][\/vc_row][vc_row thb_divider_position=\u00a0\u00bbbottom\u00a0\u00bb][vc_column][vc_empty_space][\/vc_column][\/vc_row][vc_row thb_divider_position=\u00a0\u00bbbottom\u00a0\u00bb][vc_column][vc_column_text] Nous disposons de grands rayons accessoires et pi\u00e8ces d\u00e9tach\u00e9es pour chaque univers : 50cc Scooters et Motos\u00a0 \u00a0\/\u00a0 \u00a0Dirt Bike\u00a0 \u00a0\/\u00a0 \u00a0Quads [\/vc_column_text][\/vc_column][\/vc_row][vc_row thb_divider_position=\u00a0\u00bbbottom\u00a0\u00bb][vc_column][vc_images_carousel images=\u00a0\u00bb6073,6070,6066,6063&Prime; img_size=\u00a0\u00bbfull\u00a0\u00bb speed=\u00a0\u00bb0&Prime; slides_per_view=\u00a0\u00bb4&Prime; hide_pagination_control=\u00a0\u00bbyes\u00a0\u00bb hide_prev_next_buttons=\u00a0\u00bbyes\u00a0\u00bb][\/vc_column][\/vc_row][vc_row thb_divider_position=\u00a0\u00bbbottom\u00a0\u00bb][vc_column][vc_images_carousel images=\u00a0\u00bb6071,6065,6067,6062&Prime; img_size=\u00a0\u00bbfull\u00a0\u00bb speed=\u00a0\u00bb0&Prime; slides_per_view=\u00a0\u00bb4&Prime; hide_pagination_control=\u00a0\u00bbyes\u00a0\u00bb hide_prev_next_buttons=\u00a0\u00bbyes\u00a0\u00bb][\/vc_column][\/vc_row]<\/p>\n","protected":false},"author":1,"featured_media":0,"parent":0,"menu_order":0,"comment_status":"closed","ping_status":"closed","template":"","meta":[],"_links":{"self":[{"href":"https:\/\/troc2roues.fr\/index.php?rest_route=\/wp\/v2\/pages\/769"}],"collection":[{"href":"https:\/\/troc2roues.fr\/index.php?rest_route=\/wp\/v2\/pages"}],"about":[{"href":"https:\/\/troc2roues.fr\/index.php?rest_route=\/wp\/v2\/types\/page"}],"author":[{"embeddable":true,"href":"https:\/\/troc2roues.fr\/index.php?rest_route=\/wp\/v2\/users\/1"}],"replies":[{"embeddable":true,"href":"https:\/\/troc2roues.fr\/index.php?rest_route=%2Fwp%2Fv2%2Fcomments&post=769"}],"version-history":[{"count":4,"href":"https:\/\/troc2roues.fr\/index.php?rest_route=\/wp\/v2\/pages\/769\/revisions"}],"predecessor-version":[{"id":6059,"href":"https:\/\/troc2roues.fr\/index.php?rest_route=\/wp\/v2\/pages\/769\/revisions\/6059"}],"wp:attachment":[{"href":"https:\/\/troc2roues.fr\/index.php?rest_route=%2Fwp%2Fv2%2Fmedia&parent=769"}],"curies":[{"name":"wp","href":"https:\/\/api.w.org\/{rel}","templated":true}]}}